{"id":296,"date":"2015-10-15T09:51:02","date_gmt":"2015-10-15T07:51:02","guid":{"rendered":"http:\/\/www.torgim.it\/?page_id=296"},"modified":"2017-02-20T21:35:35","modified_gmt":"2017-02-20T20:35:35","slug":"torni-paralleli-cnc-autoapprendimento-serie-tl450500","status":"publish","type":"page","link":"https:\/\/www.torgim.it\/it\/prodotti\/torni-paralleli-cnc-autoapprendimento\/torni-paralleli-cnc-autoapprendimento-serie-tl450500\/","title":{"rendered":"Torni paralleli CNC autoapprendimento serie TL450\/500"},"content":{"rendered":"<p>Il tornio <strong>Torgim TL450\/500<\/strong> \u00e8 accessoriato, nella versione base, con cambio gamma automatico, motore mandrino con potenza di 30 kW ed evacuatore dei trucioli. E&#8217; una macchina che garantisce alte asportazioni, ideale per la lavorazione di forgiati e pezzi con riporti di materiali duri in genere.<\/p>\n<p><strong>Testa<\/strong>: la testa, fusa in ghisa speciale Meehanite, \u00e8 stabilizzata e rigidamente fissata al bancale in modo da garantire la completa assenza di vibrazioni. Tutti gli ingranaggi, in acciaio Cr.Ni.Mo sono cementati, temperati e rettificati; quelli che trasmettono il moto al mandrino, hanno profilo dell\u2019evolvente elicoidale. Il mandrino, albero forgiato lavorato dal pieno, supportato in tre punti e con passaggio barra \u00f8 160 mm, \u00e8 montato su cuscinetti TIMKEN ad altissima precisione. La macchina \u00e8 dotata di cambio gamma meccanico a due gamme, completamente automatico, garantito da un pistone idraulico con relativa centralina; uno scambiatore di calore assicura, inoltre, temperatura costante all\u2019interno della testa.<\/p>\n<p><strong>Carro<\/strong>: il carro scorre sul banco guidato anteriormente da una guida prismatica e posteriormente da una guida piana. Di solida struttura \u00e8 in grado di sopportare un forte momento di taglio assicurando inoltre una costante precisione. La slitta trasversale ha una sezione di guida e d\u2019appoggio molto ampia che la rende particolarmente robusta. Le guide della slitta trasversale sono rettificate e registrabili mediante lardoni conici; i rispettivi piani d\u2019accoppiamento sono ricoperti di materiale speciale antifrizione per evitare attriti a bassa velocit\u00e0 (turcite) e vengono raschiettati manualmente in modo da consentire un accurato e preciso accoppiamento. Gli spostamenti sono comandati da viti a ricircolo di sfere di altissima precisione.<\/p>\n<p><strong>Bancale<\/strong>: il bancale in ghisa Meehanite \u00e8 del tipo ricoperto su tutta la lunghezza e di struttura robustissima con doppia parete e nervature molto raccordate che assicurano un\u2019assoluta indeformabilit\u00e0. L\u2019incavo naturale sotto testa aumenta le potenzialit\u00e0 di lavorazione della macchina consentendo la tornitura di flange fino a 1220 mm, solitamente realizzabili su torni molto pi\u00f9 ingombranti.<\/p>\n<p>&nbsp;<\/p>\n<hr \/>\n<p>&nbsp;<\/p>\n","protected":false},"excerpt":{"rendered":"<p>Il tornio Torgim TL450\/500 \u00e8 accessoriato, nella versione base, con cambio gamma automatico, motore mandrino con potenza di 30 kW ed evacuatore dei trucioli. E&#8217; una [&hellip;]<\/p>\n","protected":false},"author":7,"featured_media":0,"parent":278,"menu_order":3,"comment_status":"closed","ping_status":"closed","template":"","meta":{"footnotes":""},"class_list":["post-296","page","type-page","status-publish","hentry"],"_links":{"self":[{"href":"https:\/\/www.torgim.it\/it\/wp-json\/wp\/v2\/pages\/296","targetHints":{"allow":["GET"]}}],"collection":[{"href":"https:\/\/www.torgim.it\/it\/wp-json\/wp\/v2\/pages"}],"about":[{"href":"https:\/\/www.torgim.it\/it\/wp-json\/wp\/v2\/types\/page"}],"author":[{"embeddable":true,"href":"https:\/\/www.torgim.it\/it\/wp-json\/wp\/v2\/users\/7"}],"replies":[{"embeddable":true,"href":"https:\/\/www.torgim.it\/it\/wp-json\/wp\/v2\/comments?post=296"}],"version-history":[{"count":8,"href":"https:\/\/www.torgim.it\/it\/wp-json\/wp\/v2\/pages\/296\/revisions"}],"predecessor-version":[{"id":546,"href":"https:\/\/www.torgim.it\/it\/wp-json\/wp\/v2\/pages\/296\/revisions\/546"}],"up":[{"embeddable":true,"href":"https:\/\/www.torgim.it\/it\/wp-json\/wp\/v2\/pages\/278"}],"wp:attachment":[{"href":"https:\/\/www.torgim.it\/it\/wp-json\/wp\/v2\/media?parent=296"}],"curies":[{"name":"wp","href":"https:\/\/api.w.org\/{rel}","templated":true}]}}