{"id":278,"date":"2015-10-15T09:43:05","date_gmt":"2015-10-15T07:43:05","guid":{"rendered":"http:\/\/www.torgim.it\/?page_id=278"},"modified":"2024-09-15T18:54:47","modified_gmt":"2024-09-15T16:54:47","slug":"torni-paralleli-cnc-autoapprendimento","status":"publish","type":"page","link":"https:\/\/www.torgim.it\/it\/prodotti\/torni-paralleli-cnc-autoapprendimento\/","title":{"rendered":"Torni paralleli CNC ad autoapprendimento"},"content":{"rendered":"<p>La gamma di <strong>torni paralleli a controllo numerico<\/strong> semplificato ad <strong>autoapprendimento<\/strong> TORGIM TL \u00e8 stata concepita per ottimizzare le capacit\u00e0 di lavoro degli operatori dei torni paralleli tradizionali nella realizzazione di piccole e medie serie di pezzi.<\/p>\n<p>L\u2019operatore, tramite l&#8217;uso di volantini elettronici, altri comandi manuali ed un&#8217;unit\u00e0 di controllo molto intuitiva, pu\u00f2 facilmente<strong> eseguire sia torniture tradizionali con quote visualizzate ed avanzamenti con selezione continua, che realizzare pezzi complessi seguendo la programmazione guidata ed editor grafici semplificati<\/strong>.<\/p>\n<p>Un tornio ad autoapprendimento \u00e8 una macchina versatile, pu\u00f2 lavorare sia in autoapprendimento che in modalit\u00e0 CNC con CAD\/CAM, \u00e8 possibile programmarlo ed eseguire pezzi come su un tornio CNC,\u00a0con tempi di attrezzamento\u00a0molto inferiori, simili a quelli di un tornio parallelo (autocentrante manuale e contropunta come sui paralleli tradizionali).<br \/>\nE\u2019 una macchina ideale per lotti da 3 pezzi in su, molto comoda per eseguire anche pezzi singoli in quanto la programmazione \u00e8 assai semplice.<\/p>\n<p>Una volta realizzato il programma di lavorazione \u00e8 possibile verificarne la correttezza simulando graficamente il percorso utensile. Per eseguire operazioni pi\u00f9 complesse la macchina pu\u00f2 essere programmata in modalit\u00e0 CNC con linguaggio ISO standard. L&#8217;archiviazione di programmi su periferica avviene tramite una porta seriale RS232 e porta USB, in modo da potersi interfacciare semplicemente con qualsiasi software CAD\/CAM.<\/p>\n","protected":false},"excerpt":{"rendered":"<p>La gamma di torni paralleli a controllo numerico semplificato ad autoapprendimento TORGIM TL \u00e8 stata concepita per ottimizzare le capacit\u00e0 di lavoro degli operatori dei torni [&hellip;]<\/p>\n","protected":false},"author":7,"featured_media":0,"parent":108,"menu_order":3,"comment_status":"closed","ping_status":"closed","template":"","meta":{"footnotes":""},"class_list":["post-278","page","type-page","status-publish","hentry"],"_links":{"self":[{"href":"https:\/\/www.torgim.it\/it\/wp-json\/wp\/v2\/pages\/278","targetHints":{"allow":["GET"]}}],"collection":[{"href":"https:\/\/www.torgim.it\/it\/wp-json\/wp\/v2\/pages"}],"about":[{"href":"https:\/\/www.torgim.it\/it\/wp-json\/wp\/v2\/types\/page"}],"author":[{"embeddable":true,"href":"https:\/\/www.torgim.it\/it\/wp-json\/wp\/v2\/users\/7"}],"replies":[{"embeddable":true,"href":"https:\/\/www.torgim.it\/it\/wp-json\/wp\/v2\/comments?post=278"}],"version-history":[{"count":9,"href":"https:\/\/www.torgim.it\/it\/wp-json\/wp\/v2\/pages\/278\/revisions"}],"predecessor-version":[{"id":559,"href":"https:\/\/www.torgim.it\/it\/wp-json\/wp\/v2\/pages\/278\/revisions\/559"}],"up":[{"embeddable":true,"href":"https:\/\/www.torgim.it\/it\/wp-json\/wp\/v2\/pages\/108"}],"wp:attachment":[{"href":"https:\/\/www.torgim.it\/it\/wp-json\/wp\/v2\/media?parent=278"}],"curies":[{"name":"wp","href":"https:\/\/api.w.org\/{rel}","templated":true}]}}