{"id":277,"date":"2015-10-15T09:42:28","date_gmt":"2015-10-15T07:42:28","guid":{"rendered":"http:\/\/www.torgim.it\/?page_id=277"},"modified":"2022-11-23T23:11:15","modified_gmt":"2022-11-23T22:11:15","slug":"torni-paralleli-a-taglio-costante","status":"publish","type":"page","link":"https:\/\/www.torgim.it\/it\/prodotti\/torni-paralleli-a-taglio-costante\/","title":{"rendered":"Torni paralleli a taglio costante"},"content":{"rendered":"<p>Il modello di <strong>tornio a taglio costante<\/strong> TORGIM CC oltre alle riconosciute caratteristiche di precisione, maneggevolezza, rigidit\u00e0 \u00e8 caratterizzato dalla possibilit\u00e0 di eseguire lavorazioni con velocit\u00e0 di taglio costante garantendo una ottima finitura superficiale del pezzo. La realizzazione di particolari con lotti di produzione singoli risulta migliorata sia qualitativamente che in termini di tempi di esecuzione.<\/p>\n","protected":false},"excerpt":{"rendered":"<p>Il modello di tornio a taglio costante TORGIM CC oltre alle riconosciute caratteristiche di precisione, maneggevolezza, rigidit\u00e0 \u00e8 caratterizzato dalla possibilit\u00e0 di eseguire lavorazioni con velocit\u00e0 [&hellip;]<\/p>\n","protected":false},"author":7,"featured_media":0,"parent":108,"menu_order":2,"comment_status":"closed","ping_status":"closed","template":"","meta":{"footnotes":""},"class_list":["post-277","page","type-page","status-publish","hentry"],"_links":{"self":[{"href":"https:\/\/www.torgim.it\/it\/wp-json\/wp\/v2\/pages\/277","targetHints":{"allow":["GET"]}}],"collection":[{"href":"https:\/\/www.torgim.it\/it\/wp-json\/wp\/v2\/pages"}],"about":[{"href":"https:\/\/www.torgim.it\/it\/wp-json\/wp\/v2\/types\/page"}],"author":[{"embeddable":true,"href":"https:\/\/www.torgim.it\/it\/wp-json\/wp\/v2\/users\/7"}],"replies":[{"embeddable":true,"href":"https:\/\/www.torgim.it\/it\/wp-json\/wp\/v2\/comments?post=277"}],"version-history":[{"count":6,"href":"https:\/\/www.torgim.it\/it\/wp-json\/wp\/v2\/pages\/277\/revisions"}],"predecessor-version":[{"id":561,"href":"https:\/\/www.torgim.it\/it\/wp-json\/wp\/v2\/pages\/277\/revisions\/561"}],"up":[{"embeddable":true,"href":"https:\/\/www.torgim.it\/it\/wp-json\/wp\/v2\/pages\/108"}],"wp:attachment":[{"href":"https:\/\/www.torgim.it\/it\/wp-json\/wp\/v2\/media?parent=277"}],"curies":[{"name":"wp","href":"https:\/\/api.w.org\/{rel}","templated":true}]}}