{"id":259,"date":"2015-10-15T09:09:40","date_gmt":"2015-10-15T07:09:40","guid":{"rendered":"http:\/\/www.torgim.it\/?page_id=259"},"modified":"2022-11-23T22:13:39","modified_gmt":"2022-11-23T21:13:39","slug":"torni-paralleli-serie-t450500","status":"publish","type":"page","link":"https:\/\/www.torgim.it\/it\/prodotti\/torni-paralleli-tradizionali\/torni-paralleli-serie-t450500\/","title":{"rendered":"Torni paralleli serie T450\/500\/550"},"content":{"rendered":"<p>TORGIM 450\/500 \u00e8 una serie di macchine che <strong>si distingue per dimensioni, peso e praticit\u00e0 d\u2019uso<\/strong>. La concezione moderna con l\u2019<strong>utilizzo di frizioni elettromagnetiche nella testa e nel grembiale<\/strong> consente di eliminare le leve per inserire gli avanzamenti ottenendo rapidit\u00e0 d\u2019utilizzo e semplificando notevolmente i movimenti dell&#8217;operatore. Ideale per molteplici\u00a0 impieghi, assicura rendimenti elevatissimi con notevole capacit\u00e0 d&#8217;asportazione e precisione nel tempo. Macchina ideale per lavorare forgiati e materiali molto duri e resistenti in genere.<\/p>\n<p><strong>La testa, fusa in ghisa speciale Meehanite<\/strong>, \u00e8 stabilizzata e rigidamente fissata al bancale in modo da garantire la completa assenza di vibrazioni. Tutti gli ingranaggi, in acciaio Cr.Ni.Mo cementati, temperati e rettificati, ruotano su cuscinetti d&#8217;alta precisione. Due frizioni ed un freno elettromagnetico assicurano l&#8217;innesto, la frenatura e l&#8217;inversione di marcia. Il mandrino, albero forgiato lavorato dal pieno, supportato in tre punti e con passaggio barra \u00f8 160 mm, \u00e8 montato su cuscinetti TIMKEN ad altissima precisione, speciali per macchine utensili. La lubrificazione della testa \u00e8 effettuata per mezzo di una pompa ad ingranaggi e relativi distributori, quella del carro \u00e8 assicurata da un\u2019elettropompa automatica con temporizzatore regolabile a piacimento.<\/p>\n","protected":false},"excerpt":{"rendered":"<p>TORGIM 450\/500 \u00e8 una serie di macchine che si distingue per dimensioni, peso e praticit\u00e0 d\u2019uso. La concezione moderna con l\u2019utilizzo di frizioni elettromagnetiche nella testa [&hellip;]<\/p>\n","protected":false},"author":7,"featured_media":0,"parent":155,"menu_order":4,"comment_status":"closed","ping_status":"closed","template":"","meta":{"footnotes":""},"class_list":["post-259","page","type-page","status-publish","hentry"],"_links":{"self":[{"href":"https:\/\/www.torgim.it\/it\/wp-json\/wp\/v2\/pages\/259","targetHints":{"allow":["GET"]}}],"collection":[{"href":"https:\/\/www.torgim.it\/it\/wp-json\/wp\/v2\/pages"}],"about":[{"href":"https:\/\/www.torgim.it\/it\/wp-json\/wp\/v2\/types\/page"}],"author":[{"embeddable":true,"href":"https:\/\/www.torgim.it\/it\/wp-json\/wp\/v2\/users\/7"}],"replies":[{"embeddable":true,"href":"https:\/\/www.torgim.it\/it\/wp-json\/wp\/v2\/comments?post=259"}],"version-history":[{"count":6,"href":"https:\/\/www.torgim.it\/it\/wp-json\/wp\/v2\/pages\/259\/revisions"}],"predecessor-version":[{"id":1443,"href":"https:\/\/www.torgim.it\/it\/wp-json\/wp\/v2\/pages\/259\/revisions\/1443"}],"up":[{"embeddable":true,"href":"https:\/\/www.torgim.it\/it\/wp-json\/wp\/v2\/pages\/155"}],"wp:attachment":[{"href":"https:\/\/www.torgim.it\/it\/wp-json\/wp\/v2\/media?parent=259"}],"curies":[{"name":"wp","href":"https:\/\/api.w.org\/{rel}","templated":true}]}}