{"id":258,"date":"2015-10-15T09:09:06","date_gmt":"2015-10-15T07:09:06","guid":{"rendered":"http:\/\/www.torgim.it\/?page_id=258"},"modified":"2017-02-20T21:30:09","modified_gmt":"2017-02-20T20:30:09","slug":"torni-paralleli-serie-t350400","status":"publish","type":"page","link":"https:\/\/www.torgim.it\/it\/prodotti\/torni-paralleli-tradizionali\/torni-paralleli-serie-t350400\/","title":{"rendered":"Torni paralleli serie T350\/400"},"content":{"rendered":"<p>TORGIM 350\/400 \u00e8 una macchina di precisione, dotata di <strong>requisiti quali la robustezza, la potenza, la velocit\u00e0 e la facilit\u00e0 di manovra<\/strong>; nelle sue vaste applicazioni risolve i problemi fondamentali della produzione, sia di grande serie che di pochissimi pezzi. Le doti fondamentali sono ergonomia e maneggevolezza con grande passaggio barra.<\/p>\n<p><strong>Il carro<\/strong> scorre sul banco guidato anteriormente da una guida prismatica e posteriormente da una guida piana. Di solida struttura \u00e8 in grado di sopportare un forte momento di taglio assicurando contemporaneamente una costante precisione. La slitta trasversale ha una sezione di guida e di appoggio molto ampia che la rende particolarmente robusta. Le guide della slitta trasversale e del carrino sono rettificate e registrabili mediante lardoni conici; i rispettivi piani di accoppiamento sono raschiettati manualmente in modo da consentire un accurato e preciso montaggio. Gli spostamenti vengono comandati da viti con chiocciole registrabili e sono controllati da ampi vernieri graduati.<\/p>\n","protected":false},"excerpt":{"rendered":"<p>TORGIM 350\/400 \u00e8 una macchina di precisione, dotata di requisiti quali la robustezza, la potenza, la velocit\u00e0 e la facilit\u00e0 di manovra; nelle sue vaste applicazioni [&hellip;]<\/p>\n","protected":false},"author":7,"featured_media":0,"parent":155,"menu_order":3,"comment_status":"closed","ping_status":"closed","template":"","meta":{"footnotes":""},"class_list":["post-258","page","type-page","status-publish","hentry"],"_links":{"self":[{"href":"https:\/\/www.torgim.it\/it\/wp-json\/wp\/v2\/pages\/258","targetHints":{"allow":["GET"]}}],"collection":[{"href":"https:\/\/www.torgim.it\/it\/wp-json\/wp\/v2\/pages"}],"about":[{"href":"https:\/\/www.torgim.it\/it\/wp-json\/wp\/v2\/types\/page"}],"author":[{"embeddable":true,"href":"https:\/\/www.torgim.it\/it\/wp-json\/wp\/v2\/users\/7"}],"replies":[{"embeddable":true,"href":"https:\/\/www.torgim.it\/it\/wp-json\/wp\/v2\/comments?post=258"}],"version-history":[{"count":6,"href":"https:\/\/www.torgim.it\/it\/wp-json\/wp\/v2\/pages\/258\/revisions"}],"predecessor-version":[{"id":775,"href":"https:\/\/www.torgim.it\/it\/wp-json\/wp\/v2\/pages\/258\/revisions\/775"}],"up":[{"embeddable":true,"href":"https:\/\/www.torgim.it\/it\/wp-json\/wp\/v2\/pages\/155"}],"wp:attachment":[{"href":"https:\/\/www.torgim.it\/it\/wp-json\/wp\/v2\/media?parent=258"}],"curies":[{"name":"wp","href":"https:\/\/api.w.org\/{rel}","templated":true}]}}