{"id":134,"date":"2015-09-25T11:55:47","date_gmt":"2015-09-25T09:55:47","guid":{"rendered":"http:\/\/www.torgim.it\/?page_id=134"},"modified":"2022-11-16T23:36:14","modified_gmt":"2022-11-16T22:36:14","slug":"storia","status":"publish","type":"page","link":"https:\/\/www.torgim.it\/it\/azienda\/storia\/","title":{"rendered":"Storia"},"content":{"rendered":"<p><strong>TORGIM<\/strong>, costituita da Paolo <strong>Giana<\/strong> nel 1966, \u00e8 sinonimo di flessibilit\u00e0, robustezza, versatilit\u00e0, precisione, affidabilit\u00e0, assistenza post-vendita.<\/p>\n<p><img loading=\"lazy\" decoding=\"async\" class=\"fancybox alignleft wp-image-1341\" src=\"https:\/\/www.torgim.it\/wp-content\/uploads\/2022\/11\/47_senzalogo-300x240.jpg\" alt=\"\" width=\"400\" height=\"320\" srcset=\"https:\/\/www.torgim.it\/wp-content\/uploads\/2022\/11\/47_senzalogo-300x240.jpg 300w, https:\/\/www.torgim.it\/wp-content\/uploads\/2022\/11\/47_senzalogo-183x146.jpg 183w, https:\/\/www.torgim.it\/wp-content\/uploads\/2022\/11\/47_senzalogo-50x40.jpg 50w, https:\/\/www.torgim.it\/wp-content\/uploads\/2022\/11\/47_senzalogo-94x75.jpg 94w, https:\/\/www.torgim.it\/wp-content\/uploads\/2022\/11\/47_senzalogo.jpg 650w\" sizes=\"auto, (max-width: 400px) 100vw, 400px\" \/>L\u2019azienda si \u00e8 da subito specializzata nella produzione di <strong>torni paralleli<\/strong> a guide ricoperte, in modo da garantire massima precisione nel corso degli anni; una caratteristica comune a tutte le macchine \u00e8 l\u2019incavo naturale sotto testa che consente di lavorare pezzi con grossi diametri realizzabili di solito con macchine molto pi\u00f9 ingombranti e poco maneggevoli.<br \/>\nTecnici altamente specializzati seguono il ciclo produttivo, interamente realizzato in Italia, in modo da garantire qualit\u00e0, precisione ed affidabilit\u00e0 oltre ad un servizio di assistenza post-vendita rapido e puntuale.<\/p>\n<p>Lo spirito innovativo della nostra azienda ha successivamente portato alla costruzione di torni a controllo numerico semplificato ad autoapprendimento, concepiti per ottimizzare le capacit\u00e0 di lavoro degli operatori dei torni paralleli tradizionali, consentendo loro di realizzare pezzi di profilo e forma complessi con la qualit\u00e0 e precisione di una macchina CNC ma la facilit\u00e0 d\u2019utilizzo di una macchina tradizionale.<\/p>\n<p>Tutte le nostre macchine sono marcate CE e rispettano le norme di sicurezza ambientali previste dalla legge 626 e successive integrazioni.<\/p>\n<p>La ditta <strong>TORGIM<\/strong> possiede un parco macchine assai ampio ed in continuo aggiornamento che consente di soddisfare le esigenze di <strong>lavorazioni conto terzi<\/strong> in particolare per <strong>operazioni di rettifica tangenziale<\/strong> di medie e grandi dimensioni.<\/p>\n<p>Il nostro ufficio tecnico \u00e8, inoltre, in grado di <strong>progettare macchine ed applicazioni speciali<\/strong>, sviluppate e realizzate su apposita richiesta del cliente.<\/p>\n","protected":false},"excerpt":{"rendered":"<p>TORGIM, costituita da Paolo Giana nel 1966, \u00e8 sinonimo di flessibilit\u00e0, robustezza, versatilit\u00e0, precisione, affidabilit\u00e0, assistenza post-vendita. L\u2019azienda si \u00e8 da subito specializzata nella produzione di [&hellip;]<\/p>\n","protected":false},"author":7,"featured_media":0,"parent":106,"menu_order":1,"comment_status":"closed","ping_status":"closed","template":"","meta":{"footnotes":""},"class_list":["post-134","page","type-page","status-publish","hentry"],"_links":{"self":[{"href":"https:\/\/www.torgim.it\/it\/wp-json\/wp\/v2\/pages\/134","targetHints":{"allow":["GET"]}}],"collection":[{"href":"https:\/\/www.torgim.it\/it\/wp-json\/wp\/v2\/pages"}],"about":[{"href":"https:\/\/www.torgim.it\/it\/wp-json\/wp\/v2\/types\/page"}],"author":[{"embeddable":true,"href":"https:\/\/www.torgim.it\/it\/wp-json\/wp\/v2\/users\/7"}],"replies":[{"embeddable":true,"href":"https:\/\/www.torgim.it\/it\/wp-json\/wp\/v2\/comments?post=134"}],"version-history":[{"count":13,"href":"https:\/\/www.torgim.it\/it\/wp-json\/wp\/v2\/pages\/134\/revisions"}],"predecessor-version":[{"id":1436,"href":"https:\/\/www.torgim.it\/it\/wp-json\/wp\/v2\/pages\/134\/revisions\/1436"}],"up":[{"embeddable":true,"href":"https:\/\/www.torgim.it\/it\/wp-json\/wp\/v2\/pages\/106"}],"wp:attachment":[{"href":"https:\/\/www.torgim.it\/it\/wp-json\/wp\/v2\/media?parent=134"}],"curies":[{"name":"wp","href":"https:\/\/api.w.org\/{rel}","templated":true}]}}